{"id":5368,"date":"2024-11-27T21:08:54","date_gmt":"2024-11-27T21:08:54","guid":{"rendered":"https:\/\/lespeinturesdelali.fr\/?page_id=5368"},"modified":"2024-12-03T18:44:28","modified_gmt":"2024-12-03T18:44:28","slug":"toutes-les-oeuvres","status":"publish","type":"page","link":"https:\/\/lespeinturesdelali.fr\/en\/toutes-les-oeuvres\/","title":{"rendered":"All works"},"content":{"rendered":"<div data-elementor-type=\"wp-page\" data-elementor-id=\"5368\" class=\"elementor elementor-5368\">\n\t\t\t\t\t\t<section class=\"elementor-section elementor-top-section elementor-element elementor-element-57d1a8b60 elementor-section-boxed elementor-section-height-default elementor-section-height-default wpr-particle-no wpr-jarallax-no wpr-parallax-no wpr-sticky-section-no\" data-id=\"57d1a8b60\" data-element_type=\"section\" data-settings=\"{&quot;background_background&quot;:&quot;classic&quot;}\">\n\t\t\t\t\t\t<div class=\"elementor-container elementor-column-gap-default\">\n\t\t\t\t\t<div class=\"elementor-column elementor-col-100 elementor-top-column elementor-element elementor-element-2fc64703\" data-id=\"2fc64703\" data-element_type=\"column\">\n\t\t\t<div class=\"elementor-widget-wrap elementor-element-populated\">\n\t\t\t\t\t\t<div class=\"elementor-element elementor-element-25ae3912 wpr-grid-columns-3 wpr-grid-columns--tablet2 wpr-grid-columns--mobile1 wpr-grid-pagination-center wpr-item-styles-inner elementor-widget elementor-widget-wpr-woo-grid\" data-id=\"25ae3912\" data-element_type=\"widget\" data-widget_type=\"wpr-woo-grid.default\">\n\t\t\t\t<div class=\"elementor-widget-container\">\n\t\t\t<ul class=\"wpr-grid-filters elementor-clearfix wpr-grid-filters-sep-right\"><li class=\"wpr-pointer-none wpr-pointer-line-fx wpr-pointer-fx-none\"><span data-filter=\"*\" class=\"wpr-active-filter\">All works <\/span><em class=\"wpr-grid-filters-sep\"><\/em><\/li><li class=\"wpr-pointer-none wpr-pointer-line-fx wpr-pointer-fx-none\"><span  data-ajax-filter=\"[\"product_cat\",\"art-abstrait\"]\" data-filter=\".product_cat-art-abstrait\">Art abstrait<\/span><em class=\"wpr-grid-filters-sep\"><\/em><\/li><li class=\"wpr-pointer-none wpr-pointer-line-fx wpr-pointer-fx-none\"><span  data-ajax-filter=\"[\"product_cat\",\"art-figuratif\"]\" data-filter=\".product_cat-art-figuratif\">Art Figuratif<\/span><em class=\"wpr-grid-filters-sep\"><\/em><\/li><li class=\"wpr-pointer-none wpr-pointer-line-fx wpr-pointer-fx-none\"><span  data-ajax-filter=\"[\"product_cat\",\"art-haitien\"]\" data-filter=\".product_cat-art-haitien\">Art Ha\u00eftien<\/span><em class=\"wpr-grid-filters-sep\"><\/em><\/li><\/ul><section class=\"wpr-grid elementor-clearfix\" data-settings=\"{&quot;layout&quot;:&quot;fitRows&quot;,&quot;stick_last_element_to_bottom&quot;:&quot;&quot;,&quot;columns_desktop&quot;:3,&quot;gutter_hr&quot;:20,&quot;gutter_hr_mobile&quot;:20,&quot;gutter_hr_mobile_extra&quot;:20,&quot;gutter_hr_tablet&quot;:20,&quot;gutter_hr_tablet_extra&quot;:20,&quot;gutter_hr_laptop&quot;:20,&quot;gutter_hr_widescreen&quot;:20,&quot;gutter_vr&quot;:30,&quot;gutter_vr_mobile&quot;:30,&quot;gutter_vr_mobile_extra&quot;:30,&quot;gutter_vr_tablet&quot;:30,&quot;gutter_vr_tablet_extra&quot;:30,&quot;gutter_vr_laptop&quot;:30,&quot;gutter_vr_widescreen&quot;:30,&quot;animation&quot;:&quot;default&quot;,&quot;animation_duration&quot;:0.299999999999999988897769753748434595763683319091796875,&quot;animation_delay&quot;:0.1000000000000000055511151231257827021181583404541015625,&quot;deeplinking&quot;:&quot;&quot;,&quot;filters_linkable&quot;:&quot;&quot;,&quot;filters_default_filter&quot;:&quot;&quot;,&quot;filters_count&quot;:&quot;&quot;,&quot;filters_hide_empty&quot;:&quot;&quot;,&quot;filters_animation&quot;:&quot;zoom&quot;,&quot;filters_animation_duration&quot;:0.299999999999999988897769753748434595763683319091796875,&quot;filters_animation_delay&quot;:0.1000000000000000055511151231257827021181583404541015625,&quot;pagination_type&quot;:&quot;load-more&quot;,&quot;pagination_max_pages&quot;:1,&quot;query_posts_per_page&quot;:9,&quot;lightbox&quot;:{&quot;selector&quot;:&quot;.wpr-grid-image-wrap&quot;,&quot;iframeMaxWidth&quot;:&quot;60%&quot;,&quot;hash&quot;:false,&quot;autoplay&quot;:&quot;true&quot;,&quot;pause&quot;:5000,&quot;progressBar&quot;:&quot;true&quot;,&quot;counter&quot;:&quot;true&quot;,&quot;controls&quot;:&quot;true&quot;,&quot;getCaptionFromTitleOrAlt&quot;:&quot;true&quot;,&quot;thumbnail&quot;:&quot;&quot;,&quot;showThumbByDefault&quot;:&quot;&quot;,&quot;share&quot;:&quot;&quot;,&quot;zoom&quot;:&quot;true&quot;,&quot;fullScreen&quot;:&quot;true&quot;,&quot;download&quot;:&quot;true&quot;}}\" data-found-posts = \"5\"><article class=\"wpr-grid-item elementor-clearfix post-5361 product type-product status-publish has-post-thumbnail product_cat-art-haitien product_tag-art product_tag-haitian-art product_tag-les-amoureux first instock shipping-taxable purchasable product-type-variable\"><div class=\"wpr-grid-item-inner\"><div class=\"wpr-grid-item-above-content elementor-clearfix\"><h2 class=\"wpr-grid-item-title elementor-repeater-item-1be3687 wpr-grid-item-display-inline wpr-grid-item-align-left wpr-pointer-none wpr-pointer-line-fx wpr-pointer-fx-fade\"><div class=\"inner-block\"><a target=\"_self\"   href=\"https:\/\/lespeinturesdelali.fr\/en\/product\/les-amoureux\/\">The lovers<\/a><\/div><\/h2><div class=\"wpr-grid-item-status elementor-repeater-item-bb57ee8 wpr-grid-item-display-inline wpr-grid-item-align-right\"><div class=\"inner-block\"><\/div><\/div><\/div><div class=\"wpr-grid-media-wrap wpr-effect-size-medium\" data-overlay-link=\"yes\"><div class=\"wpr-grid-image-wrap\" data-src=\"https:\/\/lespeinturesdelali.fr\/wp-content\/uploads\/elementor\/thumbs\/Les-amoureux-Petit-format-qxowins38mwaby6i8i8hd1d5bv3vf185z6tup2yyp4.jpeg\"  data-img-on-hover=\"\" data-src-secondary=\"\"><img decoding=\"async\" src=\"https:\/\/lespeinturesdelali.fr\/wp-content\/uploads\/elementor\/thumbs\/Les-amoureux-Petit-format-qxowins38mwaby6i8i8hd1d5bv3vf185z6tup2yyp4.jpeg\" alt=\"Les amoureux\" class=\"wpr-anim-timing-ease-default\"><\/div><div class=\"wpr-grid-media-hover wpr-animation-wrap\"><div class=\"wpr-grid-media-hover-bg  wpr-overlay-fade-in wpr-anim-size-large wpr-anim-timing-ease-default wpr-anim-transparency\" data-url=\"https:\/\/lespeinturesdelali.fr\/en\/product\/les-amoureux\/\"><\/div><\/div><\/div><div class=\"wpr-grid-item-below-content elementor-clearfix\"><div class=\"wpr-grid-item-price elementor-repeater-item-907abe3 wpr-grid-item-display-inline wpr-grid-item-align-left\"><div class=\"inner-block\"><span data-no-translation=\"\" data-trp-gettext=\"\"><span class=\"woocommerce-Price-amount amount\"><span class=\"woocommerce-Price-currencySymbol\">&euro;<\/span>50.00<\/span> &ndash; <span class=\"woocommerce-Price-amount amount\"><span class=\"woocommerce-Price-currencySymbol\">&euro;<\/span>80.00<\/span><\/span><\/div><\/div><div class=\"wpr-grid-item-add-to-cart elementor-repeater-item-9ab1d53 wpr-grid-item-display-inline wpr-grid-item-align-right\"><div class=\"inner-block\"><a rel=\"nofollow\" class=\"product_type_variable add_to_cart_button wpr-button-effect wpr-button-none\" aria-label=\"Select options for \u201cLes amoureux\u201d\" data-product_id=\"5361\" data-product_sku=\"TL-HA-01\" data-atc-popup=\"\" data-atc-animation=\"\" data-atc-fade-out-in=\"\" data-atc-animation-time=\"\" href=\"https:\/\/lespeinturesdelali.fr\/en\/product\/les-amoureux\/\" data-no-translation-aria-label=\"\"><span>View Products<span class=\"wpr-grid-extra-icon-right\"><svg aria-hidden=\"true\" class=\"e-font-icon-svg e-fas-shopping-cart\" viewbox=\"0 0 576 512\" xmlns=\"http:\/\/www.w3.org\/2000\/svg\"><path d=\"M528.12 301.319l47.273-208C578.806 78.301 567.391 64 551.99 64H159.208l-9.166-44.81C147.758 8.021 137.93 0 126.529 0H24C10.745 0 0 10.745 0 24v16c0 13.255 10.745 24 24 24h69.883l70.248 343.435C147.325 417.1 136 435.222 136 456c0 30.928 25.072 56 56 56s56-25.072 56-56c0-15.674-6.447-29.835-16.824-40h209.647C430.447 426.165 424 440.326 424 456c0 30.928 25.072 56 56 56s56-25.072 56-56c0-22.172-12.888-41.332-31.579-50.405l5.517-24.276c3.413-15.018-8.002-29.319-23.403-29.319H218.117l-6.545-32h293.145c11.206 0 20.92-7.754 23.403-18.681z\"><\/path><\/svg><\/span><\/span><\/a><\/div><\/div><div class=\"wpr-grid-item-product_cat elementor-repeater-item-9c632b3 wpr-grid-item-display-block wpr-grid-item-align-left wpr-pointer-none wpr-pointer-line-fx wpr-pointer-fx-fade wpr-grid-product-categories\"><div class=\"inner-block\"><a  href=\"https:\/\/lespeinturesdelali.fr\/en\/product-category\/art-haitien\/\">Art Ha\u00eftien<\/a><\/div><\/div><\/div><\/div><\/article><article class=\"wpr-grid-item elementor-clearfix post-5358 product type-product status-publish has-post-thumbnail product_cat-art-figuratif product_tag-art product_tag-figurative-art product_tag-sensibilite product_shipping_class-small  instock shipping-taxable purchasable product-type-simple\"><div class=\"wpr-grid-item-inner\"><div class=\"wpr-grid-item-above-content elementor-clearfix\"><h2 class=\"wpr-grid-item-title elementor-repeater-item-1be3687 wpr-grid-item-display-inline wpr-grid-item-align-left wpr-pointer-none wpr-pointer-line-fx wpr-pointer-fx-fade\"><div class=\"inner-block\"><a target=\"_self\"   href=\"https:\/\/lespeinturesdelali.fr\/en\/product\/sensibilite\/\">Sensitivity<\/a><\/div><\/h2><div class=\"wpr-grid-item-status elementor-repeater-item-bb57ee8 wpr-grid-item-display-inline wpr-grid-item-align-right\"><div class=\"inner-block\"><\/div><\/div><\/div><div class=\"wpr-grid-media-wrap wpr-effect-size-medium\" data-overlay-link=\"yes\"><div class=\"wpr-grid-image-wrap\" data-src=\"https:\/\/lespeinturesdelali.fr\/wp-content\/uploads\/elementor\/thumbs\/sensibilite-1-qxow68cwvhvstk8et4u2e69qkgd5n3vxloaq9decyw.jpeg\"  data-img-on-hover=\"\" data-src-secondary=\"\"><img decoding=\"async\" src=\"https:\/\/lespeinturesdelali.fr\/wp-content\/uploads\/elementor\/thumbs\/sensibilite-1-qxow68cwvhvstk8et4u2e69qkgd5n3vxloaq9decyw.jpeg\" alt=\"Sensibilit\u00e9\" class=\"wpr-anim-timing-ease-default\"><\/div><div class=\"wpr-grid-media-hover wpr-animation-wrap\"><div class=\"wpr-grid-media-hover-bg  wpr-overlay-fade-in wpr-anim-size-large wpr-anim-timing-ease-default wpr-anim-transparency\" data-url=\"https:\/\/lespeinturesdelali.fr\/en\/product\/sensibilite\/\"><\/div><\/div><\/div><div class=\"wpr-grid-item-below-content elementor-clearfix\"><div class=\"wpr-grid-item-price elementor-repeater-item-907abe3 wpr-grid-item-display-inline wpr-grid-item-align-left\"><div class=\"inner-block\"><span><span class=\"woocommerce-Price-amount amount\"><span class=\"woocommerce-Price-currencySymbol\">&euro;<\/span>70.00<\/span><\/span><\/div><\/div><div class=\"wpr-grid-item-add-to-cart elementor-repeater-item-9ab1d53 wpr-grid-item-display-inline wpr-grid-item-align-right\"><div class=\"inner-block\"><a rel=\"nofollow\" class=\"product_type_simple add_to_cart_button ajax_add_to_cart wpr-button-effect wpr-button-none\" aria-label=\"Add to cart: \u201cSensibilit\u00e9\u201d\" data-product_id=\"5358\" data-product_sku=\"ST-FA-03\" data-atc-popup=\"\" data-atc-animation=\"\" data-atc-fade-out-in=\"\" data-atc-animation-time=\"\" href=\"https:\/\/lespeinturesdelali.fr\/en\/product\/sensibilite\/\/?add-to-cart=5358\" data-no-translation-aria-label=\"\"><span>Add to Cart<span class=\"wpr-grid-extra-icon-right\"><svg aria-hidden=\"true\" class=\"e-font-icon-svg e-fas-shopping-cart\" viewbox=\"0 0 576 512\" xmlns=\"http:\/\/www.w3.org\/2000\/svg\"><path d=\"M528.12 301.319l47.273-208C578.806 78.301 567.391 64 551.99 64H159.208l-9.166-44.81C147.758 8.021 137.93 0 126.529 0H24C10.745 0 0 10.745 0 24v16c0 13.255 10.745 24 24 24h69.883l70.248 343.435C147.325 417.1 136 435.222 136 456c0 30.928 25.072 56 56 56s56-25.072 56-56c0-15.674-6.447-29.835-16.824-40h209.647C430.447 426.165 424 440.326 424 456c0 30.928 25.072 56 56 56s56-25.072 56-56c0-22.172-12.888-41.332-31.579-50.405l5.517-24.276c3.413-15.018-8.002-29.319-23.403-29.319H218.117l-6.545-32h293.145c11.206 0 20.92-7.754 23.403-18.681z\"><\/path><\/svg><\/span><\/span><\/a><\/div><\/div><div class=\"wpr-grid-item-product_cat elementor-repeater-item-9c632b3 wpr-grid-item-display-block wpr-grid-item-align-left wpr-pointer-none wpr-pointer-line-fx wpr-pointer-fx-fade wpr-grid-product-categories\"><div class=\"inner-block\"><a  href=\"https:\/\/lespeinturesdelali.fr\/en\/product-category\/art-figuratif\/\">Art Figuratif<\/a><\/div><\/div><\/div><\/div><\/article><article class=\"wpr-grid-item elementor-clearfix post-5355 product type-product status-publish has-post-thumbnail product_cat-art-figuratif product_tag-art product_tag-figurative-art product_tag-la-casa product_shipping_class-small last instock shipping-taxable purchasable product-type-simple\"><div class=\"wpr-grid-item-inner\"><div class=\"wpr-grid-item-above-content elementor-clearfix\"><h2 class=\"wpr-grid-item-title elementor-repeater-item-1be3687 wpr-grid-item-display-inline wpr-grid-item-align-left wpr-pointer-none wpr-pointer-line-fx wpr-pointer-fx-fade\"><div class=\"inner-block\"><a target=\"_self\"   href=\"https:\/\/lespeinturesdelali.fr\/en\/product\/la-casa\/\">The house<\/a><\/div><\/h2><div class=\"wpr-grid-item-status elementor-repeater-item-bb57ee8 wpr-grid-item-display-inline wpr-grid-item-align-right\"><div class=\"inner-block\"><\/div><\/div><\/div><div class=\"wpr-grid-media-wrap wpr-effect-size-medium\" data-overlay-link=\"yes\"><div class=\"wpr-grid-image-wrap\" data-src=\"https:\/\/lespeinturesdelali.fr\/wp-content\/uploads\/elementor\/thumbs\/La-casa-qxovxaw3y5nqix7cy9vnpfe3eodmimfqdh6o4qn02w.jpeg\"  data-img-on-hover=\"\" data-src-secondary=\"\"><img decoding=\"async\" src=\"https:\/\/lespeinturesdelali.fr\/wp-content\/uploads\/elementor\/thumbs\/La-casa-qxovxaw3y5nqix7cy9vnpfe3eodmimfqdh6o4qn02w.jpeg\" alt=\"La casa\" class=\"wpr-anim-timing-ease-default\"><\/div><div class=\"wpr-grid-media-hover wpr-animation-wrap\"><div class=\"wpr-grid-media-hover-bg  wpr-overlay-fade-in wpr-anim-size-large wpr-anim-timing-ease-default wpr-anim-transparency\" data-url=\"https:\/\/lespeinturesdelali.fr\/en\/product\/la-casa\/\"><\/div><\/div><\/div><div class=\"wpr-grid-item-below-content elementor-clearfix\"><div class=\"wpr-grid-item-price elementor-repeater-item-907abe3 wpr-grid-item-display-inline wpr-grid-item-align-left\"><div class=\"inner-block\"><span><span class=\"woocommerce-Price-amount amount\"><span class=\"woocommerce-Price-currencySymbol\">&euro;<\/span>70.00<\/span><\/span><\/div><\/div><div class=\"wpr-grid-item-add-to-cart elementor-repeater-item-9ab1d53 wpr-grid-item-display-inline wpr-grid-item-align-right\"><div class=\"inner-block\"><a rel=\"nofollow\" class=\"product_type_simple add_to_cart_button ajax_add_to_cart wpr-button-effect wpr-button-none\" aria-label=\"Add to cart: \u201cLa casa\u201d\" data-product_id=\"5355\" data-product_sku=\"TC-FA-02\" data-atc-popup=\"\" data-atc-animation=\"\" data-atc-fade-out-in=\"\" data-atc-animation-time=\"\" href=\"https:\/\/lespeinturesdelali.fr\/en\/product\/la-casa\/\/?add-to-cart=5355\" data-no-translation-aria-label=\"\"><span>Add to Cart<span class=\"wpr-grid-extra-icon-right\"><svg aria-hidden=\"true\" class=\"e-font-icon-svg e-fas-shopping-cart\" viewbox=\"0 0 576 512\" xmlns=\"http:\/\/www.w3.org\/2000\/svg\"><path d=\"M528.12 301.319l47.273-208C578.806 78.301 567.391 64 551.99 64H159.208l-9.166-44.81C147.758 8.021 137.93 0 126.529 0H24C10.745 0 0 10.745 0 24v16c0 13.255 10.745 24 24 24h69.883l70.248 343.435C147.325 417.1 136 435.222 136 456c0 30.928 25.072 56 56 56s56-25.072 56-56c0-15.674-6.447-29.835-16.824-40h209.647C430.447 426.165 424 440.326 424 456c0 30.928 25.072 56 56 56s56-25.072 56-56c0-22.172-12.888-41.332-31.579-50.405l5.517-24.276c3.413-15.018-8.002-29.319-23.403-29.319H218.117l-6.545-32h293.145c11.206 0 20.92-7.754 23.403-18.681z\"><\/path><\/svg><\/span><\/span><\/a><\/div><\/div><div class=\"wpr-grid-item-product_cat elementor-repeater-item-9c632b3 wpr-grid-item-display-block wpr-grid-item-align-left wpr-pointer-none wpr-pointer-line-fx wpr-pointer-fx-fade wpr-grid-product-categories\"><div class=\"inner-block\"><a  href=\"https:\/\/lespeinturesdelali.fr\/en\/product-category\/art-figuratif\/\">Art Figuratif<\/a><\/div><\/div><\/div><\/div><\/article><article class=\"wpr-grid-item elementor-clearfix post-5350 product type-product status-publish has-post-thumbnail product_cat-art-figuratif product_tag-art product_tag-dans-mes-pensees product_tag-figurative-art product_shipping_class-small first instock shipping-taxable purchasable product-type-simple\"><div class=\"wpr-grid-item-inner\"><div class=\"wpr-grid-item-above-content elementor-clearfix\"><h2 class=\"wpr-grid-item-title elementor-repeater-item-1be3687 wpr-grid-item-display-inline wpr-grid-item-align-left wpr-pointer-none wpr-pointer-line-fx wpr-pointer-fx-fade\"><div class=\"inner-block\"><a target=\"_self\"   href=\"https:\/\/lespeinturesdelali.fr\/en\/product\/dans-mes-pensees\/\">In my thoughts<\/a><\/div><\/h2><div class=\"wpr-grid-item-status elementor-repeater-item-bb57ee8 wpr-grid-item-display-inline wpr-grid-item-align-right\"><div class=\"inner-block\"><\/div><\/div><\/div><div class=\"wpr-grid-media-wrap wpr-effect-size-medium\" data-overlay-link=\"yes\"><div class=\"wpr-grid-image-wrap\" data-src=\"https:\/\/lespeinturesdelali.fr\/wp-content\/uploads\/elementor\/thumbs\/Dans-mes-pensees-qxovk55g9nn7zgbhsl3osqxs0h8mr670kcdy9a5f6w.jpeg\"  data-img-on-hover=\"\" data-src-secondary=\"\"><img decoding=\"async\" src=\"https:\/\/lespeinturesdelali.fr\/wp-content\/uploads\/elementor\/thumbs\/Dans-mes-pensees-qxovk55g9nn7zgbhsl3osqxs0h8mr670kcdy9a5f6w.jpeg\" alt=\"Dans mes pens\u00e9es\" class=\"wpr-anim-timing-ease-default\"><\/div><div class=\"wpr-grid-media-hover wpr-animation-wrap\"><div class=\"wpr-grid-media-hover-bg  wpr-overlay-fade-in wpr-anim-size-large wpr-anim-timing-ease-default wpr-anim-transparency\" data-url=\"https:\/\/lespeinturesdelali.fr\/en\/product\/dans-mes-pensees\/\"><\/div><\/div><\/div><div class=\"wpr-grid-item-below-content elementor-clearfix\"><div class=\"wpr-grid-item-price elementor-repeater-item-907abe3 wpr-grid-item-display-inline wpr-grid-item-align-left\"><div class=\"inner-block\"><span><span class=\"woocommerce-Price-amount amount\"><span class=\"woocommerce-Price-currencySymbol\">&euro;<\/span>80.00<\/span><\/span><\/div><\/div><div class=\"wpr-grid-item-add-to-cart elementor-repeater-item-9ab1d53 wpr-grid-item-display-inline wpr-grid-item-align-right\"><div class=\"inner-block\"><a rel=\"nofollow\" class=\"product_type_simple add_to_cart_button ajax_add_to_cart wpr-button-effect wpr-button-none\" aria-label=\"Add to cart: \u201cDans mes pens\u00e9es\u201d\" data-product_id=\"5350\" data-product_sku=\"IMT-FA-01\" data-atc-popup=\"\" data-atc-animation=\"\" data-atc-fade-out-in=\"\" data-atc-animation-time=\"\" href=\"https:\/\/lespeinturesdelali.fr\/en\/product\/dans-mes-pensees\/\/?add-to-cart=5350\" data-no-translation-aria-label=\"\"><span>Add to Cart<span class=\"wpr-grid-extra-icon-right\"><svg aria-hidden=\"true\" class=\"e-font-icon-svg e-fas-shopping-cart\" viewbox=\"0 0 576 512\" xmlns=\"http:\/\/www.w3.org\/2000\/svg\"><path d=\"M528.12 301.319l47.273-208C578.806 78.301 567.391 64 551.99 64H159.208l-9.166-44.81C147.758 8.021 137.93 0 126.529 0H24C10.745 0 0 10.745 0 24v16c0 13.255 10.745 24 24 24h69.883l70.248 343.435C147.325 417.1 136 435.222 136 456c0 30.928 25.072 56 56 56s56-25.072 56-56c0-15.674-6.447-29.835-16.824-40h209.647C430.447 426.165 424 440.326 424 456c0 30.928 25.072 56 56 56s56-25.072 56-56c0-22.172-12.888-41.332-31.579-50.405l5.517-24.276c3.413-15.018-8.002-29.319-23.403-29.319H218.117l-6.545-32h293.145c11.206 0 20.92-7.754 23.403-18.681z\"><\/path><\/svg><\/span><\/span><\/a><\/div><\/div><div class=\"wpr-grid-item-product_cat elementor-repeater-item-9c632b3 wpr-grid-item-display-block wpr-grid-item-align-left wpr-pointer-none wpr-pointer-line-fx wpr-pointer-fx-fade wpr-grid-product-categories\"><div class=\"inner-block\"><a  href=\"https:\/\/lespeinturesdelali.fr\/en\/product-category\/art-figuratif\/\">Art Figuratif<\/a><\/div><\/div><\/div><\/div><\/article><article class=\"wpr-grid-item elementor-clearfix post-5345 product type-product status-publish has-post-thumbnail product_cat-art-abstrait product_tag-abstract-art product_tag-art product_tag-canvases product_shipping_class-small  instock shipping-taxable purchasable product-type-simple\"><div class=\"wpr-grid-item-inner\"><div class=\"wpr-grid-item-above-content elementor-clearfix\"><h2 class=\"wpr-grid-item-title elementor-repeater-item-1be3687 wpr-grid-item-display-inline wpr-grid-item-align-left wpr-pointer-none wpr-pointer-line-fx wpr-pointer-fx-fade\"><div class=\"inner-block\"><a target=\"_self\"   href=\"https:\/\/lespeinturesdelali.fr\/en\/product\/les-toiles\/\">Les Toiles Bleu blanc or stp<\/a><\/div><\/h2><div class=\"wpr-grid-item-status elementor-repeater-item-bb57ee8 wpr-grid-item-display-inline wpr-grid-item-align-right\"><div class=\"inner-block\"><\/div><\/div><\/div><div class=\"wpr-grid-media-wrap wpr-effect-size-medium\" data-overlay-link=\"yes\"><div class=\"wpr-grid-image-wrap\" data-src=\"https:\/\/lespeinturesdelali.fr\/wp-content\/uploads\/elementor\/thumbs\/Bleu-blanc-Or-qxqbqmo0h95gd1pnr2lqb7vhywf2n4nmhzm29mwe94.jpeg\"  data-img-on-hover=\"\" data-src-secondary=\"\"><img decoding=\"async\" src=\"https:\/\/lespeinturesdelali.fr\/wp-content\/uploads\/elementor\/thumbs\/Bleu-blanc-Or-qxqbqmo0h95gd1pnr2lqb7vhywf2n4nmhzm29mwe94.jpeg\" alt=\"Les Toiles Bleu blanc or stp\" class=\"wpr-anim-timing-ease-default\"><\/div><div class=\"wpr-grid-media-hover wpr-animation-wrap\"><div class=\"wpr-grid-media-hover-bg  wpr-overlay-fade-in wpr-anim-size-large wpr-anim-timing-ease-default wpr-anim-transparency\" data-url=\"https:\/\/lespeinturesdelali.fr\/en\/product\/les-toiles\/\"><\/div><\/div><\/div><div class=\"wpr-grid-item-below-content elementor-clearfix\"><div class=\"wpr-grid-item-price elementor-repeater-item-907abe3 wpr-grid-item-display-inline wpr-grid-item-align-left\"><div class=\"inner-block\"><span><span class=\"woocommerce-Price-amount amount\"><span class=\"woocommerce-Price-currencySymbol\">&euro;<\/span>80.00<\/span><\/span><\/div><\/div><div class=\"wpr-grid-item-add-to-cart elementor-repeater-item-9ab1d53 wpr-grid-item-display-inline wpr-grid-item-align-right\"><div class=\"inner-block\"><a rel=\"nofollow\" class=\"product_type_simple add_to_cart_button ajax_add_to_cart wpr-button-effect wpr-button-none\" aria-label=\"Add to cart: \u201cLes Toiles Bleu blanc or stp\u201d\" data-product_id=\"5345\" data-product_sku=\"TC-AA-01\" data-atc-popup=\"\" data-atc-animation=\"\" data-atc-fade-out-in=\"\" data-atc-animation-time=\"\" href=\"https:\/\/lespeinturesdelali.fr\/en\/product\/les-toiles\/\/?add-to-cart=5345\" data-no-translation-aria-label=\"\"><span>Add to Cart<span class=\"wpr-grid-extra-icon-right\"><svg aria-hidden=\"true\" class=\"e-font-icon-svg e-fas-shopping-cart\" viewbox=\"0 0 576 512\" xmlns=\"http:\/\/www.w3.org\/2000\/svg\"><path d=\"M528.12 301.319l47.273-208C578.806 78.301 567.391 64 551.99 64H159.208l-9.166-44.81C147.758 8.021 137.93 0 126.529 0H24C10.745 0 0 10.745 0 24v16c0 13.255 10.745 24 24 24h69.883l70.248 343.435C147.325 417.1 136 435.222 136 456c0 30.928 25.072 56 56 56s56-25.072 56-56c0-15.674-6.447-29.835-16.824-40h209.647C430.447 426.165 424 440.326 424 456c0 30.928 25.072 56 56 56s56-25.072 56-56c0-22.172-12.888-41.332-31.579-50.405l5.517-24.276c3.413-15.018-8.002-29.319-23.403-29.319H218.117l-6.545-32h293.145c11.206 0 20.92-7.754 23.403-18.681z\"><\/path><\/svg><\/span><\/span><\/a><\/div><\/div><div class=\"wpr-grid-item-product_cat elementor-repeater-item-9c632b3 wpr-grid-item-display-block wpr-grid-item-align-left wpr-pointer-none wpr-pointer-line-fx wpr-pointer-fx-fade wpr-grid-product-categories\"><div class=\"inner-block\"><a  href=\"https:\/\/lespeinturesdelali.fr\/en\/product-category\/art-abstrait\/\">Art abstrait<\/a><\/div><\/div><\/div><\/div><\/article><\/section>\t\t<\/div>\n\t\t\t\t<\/div>\n\t\t\t\t\t<\/div>\n\t\t<\/div>\n\t\t\t\t\t<\/div>\n\t\t<\/section>\n\t\t\t\t<\/div>","protected":false},"excerpt":{"rendered":"<p>Toutes les \u0153uvres Art abstrait Art Figuratif Art Ha\u00eftien Les amoureux &euro;50.00 &ndash; &euro;80.00View ProductsArt Ha\u00eftien Sensibilit\u00e9 &euro;70.00Add to CartArt Figuratif La casa &euro;70.00Add to CartArt Figuratif Dans mes pens\u00e9es &euro;80.00Add to CartArt Figuratif Les Toiles &euro;80.00View ProductsArt abstrait<\/p>","protected":false},"author":1,"featured_media":0,"parent":0,"menu_order":0,"comment_status":"closed","ping_status":"closed","template":"elementor_header_footer","meta":{"footnotes":""},"class_list":["post-5368","page","type-page","status-publish","hentry"],"_links":{"self":[{"href":"https:\/\/lespeinturesdelali.fr\/en\/wp-json\/wp\/v2\/pages\/5368","targetHints":{"allow":["GET"]}}],"collection":[{"href":"https:\/\/lespeinturesdelali.fr\/en\/wp-json\/wp\/v2\/pages"}],"about":[{"href":"https:\/\/lespeinturesdelali.fr\/en\/wp-json\/wp\/v2\/types\/page"}],"author":[{"embeddable":true,"href":"https:\/\/lespeinturesdelali.fr\/en\/wp-json\/wp\/v2\/users\/1"}],"replies":[{"embeddable":true,"href":"https:\/\/lespeinturesdelali.fr\/en\/wp-json\/wp\/v2\/comments?post=5368"}],"version-history":[{"count":17,"href":"https:\/\/lespeinturesdelali.fr\/en\/wp-json\/wp\/v2\/pages\/5368\/revisions"}],"predecessor-version":[{"id":5527,"href":"https:\/\/lespeinturesdelali.fr\/en\/wp-json\/wp\/v2\/pages\/5368\/revisions\/5527"}],"wp:attachment":[{"href":"https:\/\/lespeinturesdelali.fr\/en\/wp-json\/wp\/v2\/media?parent=5368"}],"curies":[{"name":"wp","href":"https:\/\/api.w.org\/{rel}","templated":true}]}}