{"id":5213,"date":"2024-11-22T16:39:03","date_gmt":"2024-11-22T16:39:03","guid":{"rendered":"https:\/\/lespeinturesdelali.fr\/?page_id=5213"},"modified":"2024-12-03T18:46:20","modified_gmt":"2024-12-03T18:46:20","slug":"personnalisation","status":"publish","type":"page","link":"https:\/\/lespeinturesdelali.fr\/en\/personnalisation\/","title":{"rendered":"Customization"},"content":{"rendered":"<div data-elementor-type=\"wp-page\" data-elementor-id=\"5213\" class=\"elementor elementor-5213\">\n\t\t\t\t<div class=\"elementor-element elementor-element-3e593eb e-flex e-con-boxed wpr-particle-no wpr-jarallax-no wpr-parallax-no wpr-sticky-section-no e-con e-parent\" data-id=\"3e593eb\" data-element_type=\"container\">\n\t\t\t\t\t<div class=\"e-con-inner\">\n\t\t\t\t<div class=\"elementor-element elementor-element-1bea68f elementor-widget elementor-widget-text-editor\" data-id=\"1bea68f\" data-element_type=\"widget\" data-widget_type=\"text-editor.default\">\n\t\t\t\t<div class=\"elementor-widget-container\">\n\t\t\t\t\t\t\t<p><span style=\"color: #000000;\">For personalized works and orders (art and ceramics), whether for yourself, for your company or as a gift, anything is conceivable (dimensions, colors, relief, emotion, atmosphere...) You can send me your wishes via this contact form so that we can discuss them later.<\/span><\/p><p><span style=\"color: #000000;\">The use of this form is not a commitment, if you only have questions, a request for quote, or need to know more about my approach, do not hesitate to contact me!<\/span><\/p>\t\t\t\t\t\t<\/div>\n\t\t\t\t<\/div>\n\t\t\t\t\t<\/div>\n\t\t\t\t<\/div>\n\t\t<div class=\"elementor-element elementor-element-4d880c9 e-flex e-con-boxed wpr-particle-no wpr-jarallax-no wpr-parallax-no wpr-sticky-section-no e-con e-parent\" data-id=\"4d880c9\" data-element_type=\"container\">\n\t\t\t\t\t<div class=\"e-con-inner\">\n\t\t\t\t<div class=\"elementor-element elementor-element-2c7c57c elementor-widget elementor-widget-shortcode\" data-id=\"2c7c57c\" data-element_type=\"widget\" data-widget_type=\"shortcode.default\">\n\t\t\t\t<div class=\"elementor-widget-container\">\n\t\t\t\t\t<div class=\"elementor-shortcode\"><div class=\"forminator-ui forminator-custom-form forminator-custom-form-5223 forminator-design--default  forminator_ajax\" data-forminator-render=\"0\" data-form=\"forminator-module-5223\" data-uid=\"69d5bdd8a2f27\"><br\/><\/div><form\n\t\t\t\tid=\"forminator-module-5223\"\n\t\t\t\tclass=\"forminator-ui forminator-custom-form forminator-custom-form-5223 forminator-design--default  forminator_ajax\"\n\t\t\t\tmethod=\"post\"\n\t\t\t\tdata-forminator-render=\"0\"\n\t\t\t\tdata-form-id=\"5223\"\n\t\t\t\t\n\t\t\t\tdata-design=\"default\"\n\t\t\t\t\n\t\t\t\t\n\t\t\t\t\n\t\t\t\tdata-grid=\"open\"\n\t\t\t\tenctype=\"multipart\/form-data\"\n\t\t\t\t\n\t\t\t\tstyle=\"display: none;\"\n\t\t\t\t\n\t\t\t\tdata-uid=\"69d5bdd8a2f27\" action=\"\"\n\t\t\t><div role=\"alert\" aria-live=\"polite\" class=\"forminator-response-message forminator-error\" aria-hidden=\"true\"><\/div><div class=\"forminator-row\"><div id=\"name-1\" class=\"forminator-field-name forminator-col forminator-col-12\"><div class=\"forminator-row forminator-no-margin\" data-multiple=\"true\"><div class=\"forminator-col forminator-col-md-6\"><div class=\"forminator-field\"><label for=\"forminator-field-first-name-1_69d5bdd8a2f27\" id=\"forminator-field-first-name-1_69d5bdd8a2f27-label\" class=\"forminator-label\">First name <span class=\"forminator-required\">*<\/span><\/label><input type=\"text\" name=\"name-1-first-name\" placeholder=\"E.g. John\" id=\"forminator-field-first-name-1_69d5bdd8a2f27\" class=\"forminator-input\" aria-required=\"true\" data-multi=\"1\" value=\"\" \/><\/div><\/div><div class=\"forminator-col forminator-col-md-6\"><div class=\"forminator-field\"><label for=\"forminator-field-last-name-1_69d5bdd8a2f27\" id=\"forminator-field-last-name-1_69d5bdd8a2f27-label\" class=\"forminator-label\">Last name <span class=\"forminator-required\">*<\/span><\/label><input type=\"text\" name=\"name-1-last-name\" placeholder=\"E.g. Doe\" id=\"forminator-field-last-name-1_69d5bdd8a2f27\" class=\"forminator-input\" aria-required=\"true\" data-multi=\"1\" value=\"\" \/><\/div><\/div><\/div><\/div><\/div><div class=\"forminator-row\"><div id=\"email-1\" class=\"forminator-field-email forminator-col forminator-col-6\"><div class=\"forminator-field\"><label for=\"forminator-field-email-1_69d5bdd8a2f27\" id=\"forminator-field-email-1_69d5bdd8a2f27-label\" class=\"forminator-label\">Email <span class=\"forminator-required\">*<\/span><\/label><input type=\"email\" name=\"email-1\" value=\"\" placeholder=\"E.g. john@doe.com\" id=\"forminator-field-email-1_69d5bdd8a2f27\" class=\"forminator-input forminator-email--field\" data-required=\"1\" aria-required=\"true\" \/><\/div><\/div><div id=\"phone-1\" class=\"forminator-field-phone forminator-col forminator-col-6\"><div class=\"forminator-field\"><label for=\"forminator-field-phone-1_69d5bdd8a2f27\" id=\"forminator-field-phone-1_69d5bdd8a2f27-label\" class=\"forminator-label\">Phone <span class=\"forminator-required\">*<\/span><\/label><input type=\"text\" name=\"phone-1\" value=\"\" placeholder=\"E.g. +1 300 400 5000\" id=\"forminator-field-phone-1_69d5bdd8a2f27\" class=\"forminator-input forminator-field--phone\" data-required=\"1\" aria-required=\"true\" autocomplete=\"off\" \/><\/div><\/div><\/div><div class=\"forminator-row\"><div id=\"select-1\" class=\"forminator-field-select forminator-col forminator-col-6\"><div class=\"forminator-field\"><label for=\"forminator-form-5223__field--select-1_69d5bdd8a2f27\" id=\"forminator-form-5223__field--select-1_69d5bdd8a2f27-label\" class=\"forminator-label\">Design type <span class=\"forminator-required\">*<\/span><\/label><select  id=\"forminator-form-5223__field--select-1_69d5bdd8a2f27\" class=\"forminator-select--field forminator-select2 forminator-select2-multiple\" data-required=\"1\" name=\"select-1\" data-default-value=\"\" data-hidden-behavior=\"zero\" data-placeholder=\"S\u00e9lectionnez De quel type de conception avez-vous besoin\u00a0?\" data-search=\"false\" data-search-placeholder=\"S\u00e9lectionnez De quel type de conception avez-vous besoin\u00a0?\" data-checkbox=\"false\" data-allow-clear=\"false\" aria-labelledby=\"forminator-form-5223__field--select-1_69d5bdd8a2f27-label\"><option value=\"\"  >Select What type of design do you need?<\/option><option value=\"one\"  data-calculation=\"0\">Painting<\/option><\/select><\/div><\/div><div id=\"select-2\" class=\"forminator-field-select forminator-col forminator-col-6\"><div class=\"forminator-field\"><label for=\"forminator-form-5223__field--select-2_69d5bdd8a2f27\" id=\"forminator-form-5223__field--select-2_69d5bdd8a2f27-label\" class=\"forminator-label\">Size <span class=\"forminator-required\">*<\/span><\/label><select  id=\"forminator-form-5223__field--select-2_69d5bdd8a2f27\" class=\"forminator-select--field forminator-select2 forminator-select2-multiple\" data-required=\"1\" name=\"select-2\" data-default-value=\"\" data-hidden-behavior=\"zero\" data-placeholder=\"Quelle taille vous voulez :\" data-search=\"false\" data-search-placeholder=\"Quelle taille vous voulez :\" data-checkbox=\"false\" data-allow-clear=\"false\" aria-labelledby=\"forminator-form-5223__field--select-2_69d5bdd8a2f27-label\"><option value=\"\"  >What size do you want :<\/option><option value=\"one\"  data-calculation=\"0\">Small<\/option><option value=\"two\"  data-calculation=\"0\">Medium<\/option><option value=\"Modern\"  data-calculation=\"0\">Large<\/option><\/select><\/div><\/div><\/div><div class=\"forminator-row\"><div id=\"text-2\" class=\"forminator-field-text forminator-col forminator-col-12\"><div class=\"forminator-field\"><label for=\"forminator-field-text-2_69d5bdd8a2f27\" id=\"forminator-field-text-2_69d5bdd8a2f27-label\" class=\"forminator-label\">Color preferences : <span class=\"forminator-required\">*<\/span><\/label><input type=\"text\" name=\"text-2\" value=\"\" placeholder=\"for example, red, blue, pastel tones\" id=\"forminator-field-text-2_69d5bdd8a2f27\" class=\"forminator-input forminator-name--field\" data-required=\"1\" \/><\/div><\/div><\/div><div class=\"forminator-row\"><div id=\"upload-1\" class=\"forminator-field-upload forminator-col forminator-col-12\"><div class=\"forminator-field\"><label for=\"forminator-field-upload-1_69d5bdd8a2f27\" id=\"forminator-field-upload-1_69d5bdd8a2f27-label\" class=\"forminator-label\">Download reference images (if available)<\/label><div class=\"forminator-multi-upload\" data-element=\"upload-1_69d5bdd8a2f27\"><input type=\"file\" name=\"upload-1[]\" id=\"forminator-field-upload-1_69d5bdd8a2f27\" class=\"forminator-input-file forminator-field-upload-1_69d5bdd8a2f27-5223\" multiple=\"multiple\" data-method=\"ajax\" accept=\".jpg,.jpeg,.jpe,.gif,.png,.bmp,.tiff,.tif,.webp,.avif,.ico,.heic,.heif,.heics,.heifs,.psd,.xcf,.wie,.zip\" data-size=\"100000000\" data-size-message=\"Maximum file size allowed is 100 MB. \" data-filetype=\"jpg|jpeg|jpe|gif|png|bmp|tiff|tif|webp|avif|ico|heic|heif|heics|heifs|psd|xcf|wie|zip\" data-filetype-message=\"file extension is not allowed.\"><div class=\"forminator-multi-upload-message\" aria-hidden=\"true\"><span class=\"forminator-icon-upload\" aria-hidden=\"true\"><\/span><p>Drag and Drop (or) <a class=\"forminator-upload-file--forminator-field-upload-1_69d5bdd8a2f27\" href=\"#\" onclick=\"return false;\">Choose Files<\/a><\/p><\/div><\/div><ul class=\"forminator-uploaded-files upload-container-upload-1_69d5bdd8a2f27\"><\/ul><\/div><\/div><\/div><div class=\"forminator-row\"><div id=\"textarea-1\" class=\"forminator-field-textarea forminator-col forminator-col-12\"><div class=\"forminator-field\"><label for=\"forminator-field-textarea-1_69d5bdd8a2f27\" id=\"forminator-field-textarea-1_69d5bdd8a2f27-label\" class=\"forminator-label\">Design description: <span class=\"forminator-required\">*<\/span><\/label><textarea name=\"textarea-1\" placeholder=\"Describe your design idea or requirements in detail\" id=\"forminator-field-textarea-1_69d5bdd8a2f27\" class=\"forminator-textarea\" rows=\"6\" style=\"min-height:140px;\" ><\/textarea><\/div><\/div><\/div><input type=\"hidden\" name=\"referer_url\" value=\"\" \/><div class=\"forminator-row forminator-row-last\"><div class=\"forminator-col\"><div class=\"forminator-field\"><button class=\"forminator-button forminator-button-submit\">Submit a design request<\/button><\/div><\/div><\/div><input type=\"hidden\" id=\"forminator_nonce\" name=\"forminator_nonce\" value=\"2dddcf5ece\" \/><input type=\"hidden\" name=\"_wp_http_referer\" value=\"\/en\/wp-json\/wp\/v2\/pages\/5213\" \/><input type=\"hidden\" name=\"form_id\" value=\"5223\"><input type=\"hidden\" name=\"page_id\" value=\"5213\"><input type=\"hidden\" name=\"form_type\" value=\"default\"><input type=\"hidden\" name=\"current_url\" value=\"https:\/\/lespeinturesdelali.fr\/en\/personnalisation\/\"><input type=\"hidden\" name=\"render_id\" value=\"0\"><input type=\"hidden\" name=\"forminator-multifile-hidden\" class=\"forminator-multifile-hidden\"><input type=\"hidden\" name=\"action\" value=\"forminator_submit_form_custom-forms\"><label for=\"input_9\" class=\"forminator-hidden\" aria-hidden=\"true\">Please do not fill in this field. <input id=\"input_9\" type=\"text\" name=\"input_9\" value=\"\" autocomplete=\"off\"><\/label><input type=\"hidden\" name=\"trp-form-language\" value=\"en\"\/><\/form><\/div>\n\t\t\t\t<\/div>\n\t\t\t\t<\/div>\n\t\t\t\t\t<\/div>\n\t\t\t\t<\/div>\n\t\t\t\t<\/div>","protected":false},"excerpt":{"rendered":"<p>Concernant les \u0153uvres et commandes personnalis\u00e9es (art et c\u00e9ramique), que ce soit pour vous, pour votre entreprise ou pour offrir, tout est imaginable (dimensions, couleurs, relief, \u00e9motion, ambiance&#8230;).\u00a0Vous pouvez m&rsquo;envoyer vos souhaits\u00a0via ce formulaire de contact afin que nous puissions en discuter ult\u00e9rieurement. L&rsquo;utilisation de ce formulaire\u00a0n&rsquo;est pas un engagement\u00a0, si vous avez seulement des questions, une demande de devis, ou besoin d&rsquo;en savoir plus sur ma d\u00e9marche, n&rsquo;h\u00e9sitez pas \u00e0 me contacter !<\/p>","protected":false},"author":1,"featured_media":0,"parent":0,"menu_order":0,"comment_status":"closed","ping_status":"closed","template":"elementor_header_footer","meta":{"footnotes":""},"class_list":["post-5213","page","type-page","status-publish","hentry"],"_links":{"self":[{"href":"https:\/\/lespeinturesdelali.fr\/en\/wp-json\/wp\/v2\/pages\/5213","targetHints":{"allow":["GET"]}}],"collection":[{"href":"https:\/\/lespeinturesdelali.fr\/en\/wp-json\/wp\/v2\/pages"}],"about":[{"href":"https:\/\/lespeinturesdelali.fr\/en\/wp-json\/wp\/v2\/types\/page"}],"author":[{"embeddable":true,"href":"https:\/\/lespeinturesdelali.fr\/en\/wp-json\/wp\/v2\/users\/1"}],"replies":[{"embeddable":true,"href":"https:\/\/lespeinturesdelali.fr\/en\/wp-json\/wp\/v2\/comments?post=5213"}],"version-history":[{"count":23,"href":"https:\/\/lespeinturesdelali.fr\/en\/wp-json\/wp\/v2\/pages\/5213\/revisions"}],"predecessor-version":[{"id":5539,"href":"https:\/\/lespeinturesdelali.fr\/en\/wp-json\/wp\/v2\/pages\/5213\/revisions\/5539"}],"wp:attachment":[{"href":"https:\/\/lespeinturesdelali.fr\/en\/wp-json\/wp\/v2\/media?parent=5213"}],"curies":[{"name":"wp","href":"https:\/\/api.w.org\/{rel}","templated":true}]}}