{"id":402,"date":"2019-01-16T07:48:05","date_gmt":"2019-01-16T07:48:05","guid":{"rendered":"https:\/\/lespeinturesdelali.fr\/?page_id=402"},"modified":"2024-12-14T14:56:35","modified_gmt":"2024-12-14T14:56:35","slug":"a-propos-de","status":"publish","type":"page","link":"https:\/\/lespeinturesdelali.fr\/en\/a-propos-de\/","title":{"rendered":"About"},"content":{"rendered":"<div data-elementor-type=\"wp-post\" data-elementor-id=\"402\" class=\"elementor elementor-402\">\n\t\t\t\t\t\t<section class=\"elementor-section elementor-top-section elementor-element elementor-element-1aee5a00 elementor-section-boxed elementor-section-height-default elementor-section-height-default wpr-particle-no wpr-jarallax-no wpr-parallax-no wpr-sticky-section-no\" data-id=\"1aee5a00\" data-element_type=\"section\">\n\t\t\t\t\t\t<div class=\"elementor-container elementor-column-gap-default\">\n\t\t\t\t\t<div class=\"elementor-column elementor-col-50 elementor-top-column elementor-element elementor-element-592f1661\" data-id=\"592f1661\" data-element_type=\"column\">\n\t\t\t<div class=\"elementor-widget-wrap elementor-element-populated\">\n\t\t\t\t\t\t<div class=\"elementor-element elementor-element-1881ef85 elementor-widget elementor-widget-image\" data-id=\"1881ef85\" data-element_type=\"widget\" data-widget_type=\"image.default\">\n\t\t\t\t<div class=\"elementor-widget-container\">\n\t\t\t\t\t\t\t\t\t\t\t\t\t<img fetchpriority=\"high\" decoding=\"async\" width=\"1080\" height=\"1438\" src=\"https:\/\/lespeinturesdelali.fr\/wp-content\/uploads\/2024\/11\/WhatsApp-Image-2024-11-23-at-17.23.40-1.jpeg\" class=\"attachment-full size-full wp-image-5263\" alt=\"\" srcset=\"https:\/\/lespeinturesdelali.fr\/wp-content\/uploads\/2024\/11\/WhatsApp-Image-2024-11-23-at-17.23.40-1.jpeg 1080w, https:\/\/lespeinturesdelali.fr\/wp-content\/uploads\/2024\/11\/WhatsApp-Image-2024-11-23-at-17.23.40-1-225x300.jpeg 225w, https:\/\/lespeinturesdelali.fr\/wp-content\/uploads\/2024\/11\/WhatsApp-Image-2024-11-23-at-17.23.40-1-769x1024.jpeg 769w, https:\/\/lespeinturesdelali.fr\/wp-content\/uploads\/2024\/11\/WhatsApp-Image-2024-11-23-at-17.23.40-1-768x1023.jpeg 768w, https:\/\/lespeinturesdelali.fr\/wp-content\/uploads\/2024\/11\/WhatsApp-Image-2024-11-23-at-17.23.40-1-600x799.jpeg 600w\" sizes=\"(max-width: 1080px) 100vw, 1080px\" \/>\t\t\t\t\t\t\t\t\t\t\t\t\t<\/div>\n\t\t\t\t<\/div>\n\t\t\t\t\t<\/div>\n\t\t<\/div>\n\t\t\t\t<div class=\"elementor-column elementor-col-50 elementor-top-column elementor-element elementor-element-e63637f\" data-id=\"e63637f\" data-element_type=\"column\">\n\t\t\t<div class=\"elementor-widget-wrap elementor-element-populated\">\n\t\t\t\t\t\t<div class=\"elementor-element elementor-element-5e3215ce elementor-widget elementor-widget-heading\" data-id=\"5e3215ce\" data-element_type=\"widget\" data-widget_type=\"heading.default\">\n\t\t\t\t<div class=\"elementor-widget-container\">\n\t\t\t<h2 class=\"elementor-heading-title elementor-size-default\">Who am I?<\/h2>\t\t<\/div>\n\t\t\t\t<\/div>\n\t\t\t\t<div class=\"elementor-element elementor-element-10d1df9a line-height-30 elementor-widget elementor-widget-text-editor\" data-id=\"10d1df9a\" data-element_type=\"widget\" data-widget_type=\"text-editor.default\">\n\t\t\t\t<div class=\"elementor-widget-container\">\n\t\t\t\t\t\t\t<p><span style=\"color: #000000;\">Magalie<\/span><\/p><p><span style=\"color: #000000;\">\u00ab\u00a0L\u2019art.\u2026 pourquoi ?<\/span><\/p><p><span style=\"color: #000000;\">From a very young age, a big dreamer, I have always been amazed by the colors and reliefs that nature offers us.<\/span><\/p><p><span style=\"color: #000000;\">Painting allows me to express and materialize my deep desire to create, to leave a trace in this world: a real feeling of FREEDOM.<\/span><\/p><p><span style=\"color: #000000;\">Lali's paintings are a universe where I put my emotions and feelings on canvas. It's a mix of textures and materials, an explosion of colors, mainly in acrylic, all inspired by what surrounds me, but also by my origins.<\/span><\/p><p><span style=\"color: #000000;\">Bienvenue dans mon jardin \u00ab secret \u00bb ; je vous souhaite un agr\u00e9able voyage. \u2764\ufe0f\u00a0\u00bb<\/span><\/p>\t\t\t\t\t\t<\/div>\n\t\t\t\t<\/div>\n\t\t\t\t<div class=\"elementor-element elementor-element-40277e61 elementor-align-left elementor-widget elementor-widget-button\" data-id=\"40277e61\" data-element_type=\"widget\" data-widget_type=\"button.default\">\n\t\t\t\t<div class=\"elementor-widget-container\">\n\t\t\t\t\t<div class=\"elementor-button-wrapper\">\n\t\t\t<a class=\"elementor-button elementor-button-link elementor-size-sm\" href=\"https:\/\/lespeinturesdelali.fr\/en\/personnalisation\/\">\n\t\t\t\t\t\t<span class=\"elementor-button-content-wrapper\">\n\t\t\t\t\t\t\t\t\t<span class=\"elementor-button-text\">Let's talk about your projects!<\/span>\n\t\t\t\t\t<\/span>\n\t\t\t\t\t<\/a>\n\t\t<\/div>\n\t\t\t\t<\/div>\n\t\t\t\t<\/div>\n\t\t\t\t\t<\/div>\n\t\t<\/div>\n\t\t\t\t\t<\/div>\n\t\t<\/section>\n\t\t\t\t<\/div>","protected":false},"excerpt":{"rendered":"<p>Qui suis-je? Magalie \u00ab\u00a0L\u2019art.\u2026 pourquoi ? D\u00e8s mon plus jeune \u00e2ge, grande r\u00eaveuse, j\u2019ai toujours \u00e9t\u00e9 \u00e9merveill\u00e9e par les couleurs, les reliefs que nous offre la nature. Peindre me permet d\u2019ext\u00e9rioriser et mat\u00e9rialiser mon envie profonde de cr\u00e9er, de laisser une trace dans ce monde : un vrai sentiment de LIBERTE. Les peintures de Lali, c\u2019est un univers o\u00f9 je mets sur toile mes \u00e9motions, mon ressenti. C\u2019est un m\u00e9lange de textures, de mati\u00e8res, une explosion de couleurs, \u00e0 l\u2019acrylique principalement, le tout inspir\u00e9 par ce qui m\u2019entoure mais \u00e9galement par mes origines. Bienvenue dans mon jardin \u00ab secret \u00bb ; je vous souhaite un agr\u00e9able voyage. \u2764\ufe0f\u00a0\u00bb Discutons de vos projets !<\/p>","protected":false},"author":1,"featured_media":0,"parent":0,"menu_order":0,"comment_status":"closed","ping_status":"closed","template":"elementor_header_footer","meta":{"footnotes":""},"class_list":["post-402","page","type-page","status-publish","hentry"],"_links":{"self":[{"href":"https:\/\/lespeinturesdelali.fr\/en\/wp-json\/wp\/v2\/pages\/402","targetHints":{"allow":["GET"]}}],"collection":[{"href":"https:\/\/lespeinturesdelali.fr\/en\/wp-json\/wp\/v2\/pages"}],"about":[{"href":"https:\/\/lespeinturesdelali.fr\/en\/wp-json\/wp\/v2\/types\/page"}],"author":[{"embeddable":true,"href":"https:\/\/lespeinturesdelali.fr\/en\/wp-json\/wp\/v2\/users\/1"}],"replies":[{"embeddable":true,"href":"https:\/\/lespeinturesdelali.fr\/en\/wp-json\/wp\/v2\/comments?post=402"}],"version-history":[{"count":32,"href":"https:\/\/lespeinturesdelali.fr\/en\/wp-json\/wp\/v2\/pages\/402\/revisions"}],"predecessor-version":[{"id":5575,"href":"https:\/\/lespeinturesdelali.fr\/en\/wp-json\/wp\/v2\/pages\/402\/revisions\/5575"}],"wp:attachment":[{"href":"https:\/\/lespeinturesdelali.fr\/en\/wp-json\/wp\/v2\/media?parent=402"}],"curies":[{"name":"wp","href":"https:\/\/api.w.org\/{rel}","templated":true}]}}