{"id":2232,"date":"2019-01-30T01:53:55","date_gmt":"2019-01-30T01:53:55","guid":{"rendered":"https:\/\/lespeinturesdelali.fr\/?page_id=2232"},"modified":"2024-12-22T20:54:04","modified_gmt":"2024-12-22T20:54:04","slug":"home-creative-demo","status":"publish","type":"page","link":"https:\/\/lespeinturesdelali.fr\/en\/","title":{"rendered":"Home"},"content":{"rendered":"<div data-elementor-type=\"wp-post\" data-elementor-id=\"2232\" class=\"elementor elementor-2232\">\n\t\t\t\t<div class=\"elementor-element elementor-element-609cb69 e-con-full e-flex wpr-particle-no wpr-jarallax-no wpr-parallax-no wpr-sticky-section-no e-con e-parent\" data-id=\"609cb69\" data-element_type=\"container\" data-settings=\"{&quot;background_background&quot;:&quot;slideshow&quot;,&quot;background_slideshow_gallery&quot;:[{&quot;id&quot;:5549,&quot;url&quot;:&quot;https:\\\/\\\/lespeinturesdelali.fr\\\/wp-content\\\/uploads\\\/2024\\\/12\\\/WhatsApp-Image-2024-10-17-at-19.42.16.jpeg&quot;},{&quot;id&quot;:5260,&quot;url&quot;:&quot;https:\\\/\\\/lespeinturesdelali.fr\\\/wp-content\\\/uploads\\\/2024\\\/11\\\/WhatsApp-Image-2024-11-23-at-17.23.14-1.jpeg&quot;}],&quot;background_slideshow_lazyload&quot;:&quot;yes&quot;,&quot;background_slideshow_loop&quot;:&quot;yes&quot;,&quot;background_slideshow_slide_duration&quot;:5000,&quot;background_slideshow_slide_transition&quot;:&quot;fade&quot;,&quot;background_slideshow_transition_duration&quot;:500}\">\n\t\t\t\t<div class=\"elementor-element elementor-element-175e495 elementor-widget elementor-widget-heading\" data-id=\"175e495\" data-element_type=\"widget\" data-widget_type=\"heading.default\">\n\t\t\t\t<div class=\"elementor-widget-container\">\n\t\t\t<h2 class=\"elementor-heading-title elementor-size-default\">Welcome to Lali's Paintings <\/h2>\t\t<\/div>\n\t\t\t\t<\/div>\n\t\t\t\t<div class=\"elementor-element elementor-element-71affe7 line-height-30 elementor-widget elementor-widget-text-editor\" data-id=\"71affe7\" data-element_type=\"widget\" data-widget_type=\"text-editor.default\">\n\t\t\t\t<div class=\"elementor-widget-container\">\n\t\t\t\t\t\t\t<p><span style=\"color: #ffffff;\">In art there are no limits<\/span><\/p>\t\t\t\t\t\t<\/div>\n\t\t\t\t<\/div>\n\t\t\t\t<div class=\"elementor-element elementor-element-4265b6f elementor-align-center elementor-widget elementor-widget-button\" data-id=\"4265b6f\" data-element_type=\"widget\" data-widget_type=\"button.default\">\n\t\t\t\t<div class=\"elementor-widget-container\">\n\t\t\t\t\t<div class=\"elementor-button-wrapper\">\n\t\t\t<a class=\"elementor-button elementor-button-link elementor-size-sm\" href=\"https:\/\/lespeinturesdelali.fr\/en\/a-propos-de\/\">\n\t\t\t\t\t\t<span class=\"elementor-button-content-wrapper\">\n\t\t\t\t\t\t\t\t\t<span class=\"elementor-button-text\">Read more <\/span>\n\t\t\t\t\t<\/span>\n\t\t\t\t\t<\/a>\n\t\t<\/div>\n\t\t\t\t<\/div>\n\t\t\t\t<\/div>\n\t\t\t\t<\/div>\n\t\t\t\t<section class=\"elementor-section elementor-top-section elementor-element elementor-element-66a3f6d elementor-section-boxed elementor-section-height-default elementor-section-height-default wpr-particle-no wpr-jarallax-no wpr-parallax-no wpr-sticky-section-no\" data-id=\"66a3f6d\" data-element_type=\"section\">\n\t\t\t\t\t\t<div class=\"elementor-container elementor-column-gap-default\">\n\t\t\t\t\t<div class=\"elementor-column elementor-col-50 elementor-top-column elementor-element elementor-element-e63976e\" data-id=\"e63976e\" data-element_type=\"column\" data-settings=\"{&quot;background_background&quot;:&quot;classic&quot;}\">\n\t\t\t<div class=\"elementor-widget-wrap elementor-element-populated\">\n\t\t\t\t\t\t<div class=\"elementor-element elementor-element-07a4b5c elementor-widget elementor-widget-image\" data-id=\"07a4b5c\" data-element_type=\"widget\" data-widget_type=\"image.default\">\n\t\t\t\t<div class=\"elementor-widget-container\">\n\t\t\t\t\t\t\t\t\t\t\t\t\t<img fetchpriority=\"high\" decoding=\"async\" width=\"1080\" height=\"1046\" src=\"https:\/\/lespeinturesdelali.fr\/wp-content\/uploads\/2024\/11\/WhatsApp-Image-2024-11-23-at-17.23.40.jpeg\" class=\"attachment-full size-full wp-image-5262\" alt=\"\" srcset=\"https:\/\/lespeinturesdelali.fr\/wp-content\/uploads\/2024\/11\/WhatsApp-Image-2024-11-23-at-17.23.40.jpeg 1080w, https:\/\/lespeinturesdelali.fr\/wp-content\/uploads\/2024\/11\/WhatsApp-Image-2024-11-23-at-17.23.40-300x291.jpeg 300w, https:\/\/lespeinturesdelali.fr\/wp-content\/uploads\/2024\/11\/WhatsApp-Image-2024-11-23-at-17.23.40-1024x992.jpeg 1024w, https:\/\/lespeinturesdelali.fr\/wp-content\/uploads\/2024\/11\/WhatsApp-Image-2024-11-23-at-17.23.40-768x744.jpeg 768w, https:\/\/lespeinturesdelali.fr\/wp-content\/uploads\/2024\/11\/WhatsApp-Image-2024-11-23-at-17.23.40-600x581.jpeg 600w\" sizes=\"(max-width: 1080px) 100vw, 1080px\" \/>\t\t\t\t\t\t\t\t\t\t\t\t\t<\/div>\n\t\t\t\t<\/div>\n\t\t\t\t\t<\/div>\n\t\t<\/div>\n\t\t\t\t<div class=\"elementor-column elementor-col-50 elementor-top-column elementor-element elementor-element-e97739a\" data-id=\"e97739a\" data-element_type=\"column\">\n\t\t\t<div class=\"elementor-widget-wrap elementor-element-populated\">\n\t\t\t\t\t\t<div class=\"elementor-element elementor-element-0602370 elementor-widget elementor-widget-heading\" data-id=\"0602370\" data-element_type=\"widget\" data-widget_type=\"heading.default\">\n\t\t\t\t<div class=\"elementor-widget-container\">\n\t\t\t<h2 class=\"elementor-heading-title elementor-size-default\">Who am I?<\/h2>\t\t<\/div>\n\t\t\t\t<\/div>\n\t\t\t\t<div class=\"elementor-element elementor-element-af59c1d line-height-30 elementor-widget elementor-widget-text-editor\" data-id=\"af59c1d\" data-element_type=\"widget\" data-widget_type=\"text-editor.default\">\n\t\t\t\t<div class=\"elementor-widget-container\">\n\t\t\t\t\t\t\t<p><span style=\"color: #000000;\">Magalie<\/span><\/p><p><span style=\"color: #000000;\">\u00ab\u00a0L\u2019art.\u2026 pourquoi ?<\/span><\/p><p><span style=\"color: #000000;\">From a very young age, a big dreamer, I have always been amazed by the colors and reliefs that nature offers us.<\/span><\/p><p><span style=\"color: #000000;\">Painting allows me to express and materialize my deep desire to create, to leave a trace in this world: a real feeling of FREEDOM.<\/span><\/p><p><span style=\"color: #000000;\">Lali's paintings are a universe where I put my emotions and feelings on canvas. It's a mix of textures and materials, an explosion of colors, mainly in acrylic, all inspired by what surrounds me, but also by my origins.<\/span><\/p><p><span style=\"color: #000000;\">Bienvenue dans mon jardin \u00ab secret \u00bb ; je vous souhaite un agr\u00e9able voyage. \u2764\ufe0f\u00a0\u00bb<\/span><\/p>\t\t\t\t\t\t<\/div>\n\t\t\t\t<\/div>\n\t\t\t\t<div class=\"elementor-element elementor-element-3a7e602 elementor-align-left elementor-mobile-align-center elementor-widget elementor-widget-button\" data-id=\"3a7e602\" data-element_type=\"widget\" data-widget_type=\"button.default\">\n\t\t\t\t<div class=\"elementor-widget-container\">\n\t\t\t\t\t<div class=\"elementor-button-wrapper\">\n\t\t\t<a class=\"elementor-button elementor-button-link elementor-size-sm\" href=\"https:\/\/lespeinturesdelali.fr\/en\/personnalisation\/\">\n\t\t\t\t\t\t<span class=\"elementor-button-content-wrapper\">\n\t\t\t\t\t\t\t\t\t<span class=\"elementor-button-text\">Discutons de votre projet ! <\/span>\n\t\t\t\t\t<\/span>\n\t\t\t\t\t<\/a>\n\t\t<\/div>\n\t\t\t\t<\/div>\n\t\t\t\t<\/div>\n\t\t\t\t\t<\/div>\n\t\t<\/div>\n\t\t\t\t\t<\/div>\n\t\t<\/section>\n\t\t\t\t<section class=\"elementor-section elementor-top-section elementor-element elementor-element-3ab4281 elementor-section-boxed elementor-section-height-default elementor-section-height-default wpr-particle-no wpr-jarallax-no wpr-parallax-no wpr-sticky-section-no\" data-id=\"3ab4281\" data-element_type=\"section\" data-settings=\"{&quot;background_background&quot;:&quot;classic&quot;}\">\n\t\t\t\t\t\t<div class=\"elementor-container elementor-column-gap-default\">\n\t\t\t\t\t<div class=\"elementor-column elementor-col-100 elementor-top-column elementor-element elementor-element-748d040c\" data-id=\"748d040c\" data-element_type=\"column\">\n\t\t\t<div class=\"elementor-widget-wrap elementor-element-populated\">\n\t\t\t\t\t\t<div class=\"elementor-element elementor-element-90aa453 elementor-widget elementor-widget-heading\" data-id=\"90aa453\" data-element_type=\"widget\" data-widget_type=\"heading.default\">\n\t\t\t\t<div class=\"elementor-widget-container\">\n\t\t\t<h2 class=\"elementor-heading-title elementor-size-default\">THE CREATIONS<\/h2>\t\t<\/div>\n\t\t\t\t<\/div>\n\t\t\t\t<div class=\"elementor-element elementor-element-23553d95 wpr-grid-columns-3 wpr-grid-columns--tablet2 wpr-grid-columns--mobile1 wpr-grid-pagination-center wpr-item-styles-inner elementor-widget elementor-widget-wpr-woo-grid\" data-id=\"23553d95\" data-element_type=\"widget\" data-widget_type=\"wpr-woo-grid.default\">\n\t\t\t\t<div class=\"elementor-widget-container\">\n\t\t\t<ul class=\"wpr-grid-filters elementor-clearfix wpr-grid-filters-sep-right\"><li class=\"wpr-pointer-none wpr-pointer-line-fx wpr-pointer-fx-none\"><span data-filter=\"*\" class=\"wpr-active-filter\">All works <\/span><em class=\"wpr-grid-filters-sep\"><\/em><\/li><li class=\"wpr-pointer-none wpr-pointer-line-fx wpr-pointer-fx-none wpr-hidden-element\"><span  data-ajax-filter=\"[\"product_cat\",\"art-abstrait\"]\" data-filter=\".product_cat-art-abstrait\">Art abstrait<\/span><em class=\"wpr-grid-filters-sep\"><\/em><\/li><li class=\"wpr-pointer-none wpr-pointer-line-fx wpr-pointer-fx-none wpr-hidden-element\"><span  data-ajax-filter=\"[\"product_cat\",\"art-figuratif\"]\" data-filter=\".product_cat-art-figuratif\">Art Figuratif<\/span><em class=\"wpr-grid-filters-sep\"><\/em><\/li><li class=\"wpr-pointer-none wpr-pointer-line-fx wpr-pointer-fx-none wpr-hidden-element\"><span  data-ajax-filter=\"[\"product_cat\",\"art-haitien\"]\" data-filter=\".product_cat-art-haitien\">Art Ha\u00eftien<\/span><em class=\"wpr-grid-filters-sep\"><\/em><\/li><\/ul><section class=\"wpr-grid elementor-clearfix\" data-settings=\"{&quot;layout&quot;:&quot;fitRows&quot;,&quot;stick_last_element_to_bottom&quot;:&quot;&quot;,&quot;columns_desktop&quot;:3,&quot;gutter_hr&quot;:20,&quot;gutter_hr_mobile&quot;:20,&quot;gutter_hr_mobile_extra&quot;:20,&quot;gutter_hr_tablet&quot;:20,&quot;gutter_hr_tablet_extra&quot;:20,&quot;gutter_hr_laptop&quot;:20,&quot;gutter_hr_widescreen&quot;:20,&quot;gutter_vr&quot;:30,&quot;gutter_vr_mobile&quot;:30,&quot;gutter_vr_mobile_extra&quot;:30,&quot;gutter_vr_tablet&quot;:30,&quot;gutter_vr_tablet_extra&quot;:30,&quot;gutter_vr_laptop&quot;:30,&quot;gutter_vr_widescreen&quot;:30,&quot;animation&quot;:&quot;zoom&quot;,&quot;animation_duration&quot;:0.299999999999999988897769753748434595763683319091796875,&quot;animation_delay&quot;:0.1000000000000000055511151231257827021181583404541015625,&quot;deeplinking&quot;:&quot;&quot;,&quot;filters_linkable&quot;:&quot;no&quot;,&quot;filters_default_filter&quot;:&quot;&quot;,&quot;filters_count&quot;:&quot;&quot;,&quot;filters_hide_empty&quot;:&quot;yes&quot;,&quot;filters_animation&quot;:&quot;default&quot;,&quot;filters_animation_duration&quot;:0.299999999999999988897769753748434595763683319091796875,&quot;filters_animation_delay&quot;:0.1000000000000000055511151231257827021181583404541015625,&quot;pagination_type&quot;:&quot;load-more&quot;,&quot;pagination_max_pages&quot;:1,&quot;query_posts_per_page&quot;:6,&quot;lightbox&quot;:{&quot;selector&quot;:&quot;.wpr-grid-image-wrap&quot;,&quot;iframeMaxWidth&quot;:&quot;60%&quot;,&quot;hash&quot;:false,&quot;autoplay&quot;:&quot;true&quot;,&quot;pause&quot;:5000,&quot;progressBar&quot;:&quot;true&quot;,&quot;counter&quot;:&quot;true&quot;,&quot;controls&quot;:&quot;true&quot;,&quot;getCaptionFromTitleOrAlt&quot;:&quot;true&quot;,&quot;thumbnail&quot;:&quot;&quot;,&quot;showThumbByDefault&quot;:&quot;&quot;,&quot;share&quot;:&quot;&quot;,&quot;zoom&quot;:&quot;true&quot;,&quot;fullScreen&quot;:&quot;true&quot;,&quot;download&quot;:&quot;true&quot;}}\" data-found-posts = \"3\"><article class=\"wpr-grid-item elementor-clearfix post-5358 product type-product status-publish has-post-thumbnail product_cat-art-figuratif product_tag-art product_tag-figurative-art product_tag-sensibilite product_shipping_class-small first instock shipping-taxable purchasable product-type-simple\"><div class=\"wpr-grid-item-inner\"><div class=\"wpr-grid-item-above-content elementor-clearfix\"><h2 class=\"wpr-grid-item-title elementor-repeater-item-1be3687 wpr-grid-item-display-inline wpr-grid-item-align-left wpr-pointer-none wpr-pointer-line-fx wpr-pointer-fx-fade\"><div class=\"inner-block\"><a target=\"_self\"   href=\"https:\/\/lespeinturesdelali.fr\/en\/product\/sensibilite\/\">Sensitivity<\/a><\/div><\/h2><div class=\"wpr-grid-item-status elementor-repeater-item-bb57ee8 wpr-grid-item-display-inline wpr-grid-item-align-right\"><div class=\"inner-block\"><\/div><\/div><\/div><div class=\"wpr-grid-media-wrap wpr-effect-size-medium\" data-overlay-link=\"yes\"><div class=\"wpr-grid-image-wrap\" data-src=\"https:\/\/lespeinturesdelali.fr\/wp-content\/uploads\/elementor\/thumbs\/sensibilite-1-qxow68cwvhvstk8et4u2e69qkgd5n3vxloaq9decyw.jpeg\"  data-img-on-hover=\"\" data-src-secondary=\"\"><img decoding=\"async\" src=\"https:\/\/lespeinturesdelali.fr\/wp-content\/uploads\/elementor\/thumbs\/sensibilite-1-qxow68cwvhvstk8et4u2e69qkgd5n3vxloaq9decyw.jpeg\" alt=\"Sensibilit\u00e9\" class=\"wpr-anim-timing-ease-default\"><\/div><div class=\"wpr-grid-media-hover wpr-animation-wrap\"><div class=\"wpr-grid-media-hover-bg  wpr-overlay-fade-in wpr-anim-size-large wpr-anim-timing-ease-default wpr-anim-transparency\" data-url=\"https:\/\/lespeinturesdelali.fr\/en\/product\/sensibilite\/\"><\/div><\/div><\/div><div class=\"wpr-grid-item-below-content elementor-clearfix\"><div class=\"wpr-grid-item-price elementor-repeater-item-907abe3 wpr-grid-item-display-inline wpr-grid-item-align-left\"><div class=\"inner-block\"><span><span class=\"woocommerce-Price-amount amount\"><span class=\"woocommerce-Price-currencySymbol\">&euro;<\/span>70.00<\/span><\/span><\/div><\/div><div class=\"wpr-grid-item-add-to-cart elementor-repeater-item-9ab1d53 wpr-grid-item-display-inline wpr-grid-item-align-right\"><div class=\"inner-block\"><a rel=\"nofollow\" class=\"product_type_simple add_to_cart_button ajax_add_to_cart wpr-button-effect wpr-button-none\" aria-label=\"Add to cart: \u201cSensibilit\u00e9\u201d\" data-product_id=\"5358\" data-product_sku=\"ST-FA-03\" data-atc-popup=\"\" data-atc-animation=\"\" data-atc-fade-out-in=\"\" data-atc-animation-time=\"\" href=\"https:\/\/lespeinturesdelali.fr\/en\/product\/sensibilite\/\/?add-to-cart=5358\" data-no-translation-aria-label=\"\"><span>Add to Cart<span class=\"wpr-grid-extra-icon-right\"><svg aria-hidden=\"true\" class=\"e-font-icon-svg e-fas-shopping-cart\" viewbox=\"0 0 576 512\" xmlns=\"http:\/\/www.w3.org\/2000\/svg\"><path d=\"M528.12 301.319l47.273-208C578.806 78.301 567.391 64 551.99 64H159.208l-9.166-44.81C147.758 8.021 137.93 0 126.529 0H24C10.745 0 0 10.745 0 24v16c0 13.255 10.745 24 24 24h69.883l70.248 343.435C147.325 417.1 136 435.222 136 456c0 30.928 25.072 56 56 56s56-25.072 56-56c0-15.674-6.447-29.835-16.824-40h209.647C430.447 426.165 424 440.326 424 456c0 30.928 25.072 56 56 56s56-25.072 56-56c0-22.172-12.888-41.332-31.579-50.405l5.517-24.276c3.413-15.018-8.002-29.319-23.403-29.319H218.117l-6.545-32h293.145c11.206 0 20.92-7.754 23.403-18.681z\"><\/path><\/svg><\/span><\/span><\/a><\/div><\/div><div class=\"wpr-grid-item-product_cat elementor-repeater-item-9c632b3 wpr-grid-item-display-custom wpr-grid-item-align-left wpr-pointer-none wpr-pointer-line-fx wpr-pointer-fx-fade wpr-grid-product-categories\"><div class=\"inner-block\"><a  href=\"https:\/\/lespeinturesdelali.fr\/en\/product-category\/art-figuratif\/\">Art Figuratif<\/a><\/div><\/div><\/div><\/div><\/article><article class=\"wpr-grid-item elementor-clearfix post-5355 product type-product status-publish has-post-thumbnail product_cat-art-figuratif product_tag-art product_tag-figurative-art product_tag-la-casa product_shipping_class-small  instock shipping-taxable purchasable product-type-simple\"><div class=\"wpr-grid-item-inner\"><div class=\"wpr-grid-item-above-content elementor-clearfix\"><h2 class=\"wpr-grid-item-title elementor-repeater-item-1be3687 wpr-grid-item-display-inline wpr-grid-item-align-left wpr-pointer-none wpr-pointer-line-fx wpr-pointer-fx-fade\"><div class=\"inner-block\"><a target=\"_self\"   href=\"https:\/\/lespeinturesdelali.fr\/en\/product\/la-casa\/\">The house<\/a><\/div><\/h2><div class=\"wpr-grid-item-status elementor-repeater-item-bb57ee8 wpr-grid-item-display-inline wpr-grid-item-align-right\"><div class=\"inner-block\"><\/div><\/div><\/div><div class=\"wpr-grid-media-wrap wpr-effect-size-medium\" data-overlay-link=\"yes\"><div class=\"wpr-grid-image-wrap\" data-src=\"https:\/\/lespeinturesdelali.fr\/wp-content\/uploads\/elementor\/thumbs\/La-casa-qxovxaw3y5nqix7cy9vnpfe3eodmimfqdh6o4qn02w.jpeg\"  data-img-on-hover=\"\" data-src-secondary=\"\"><img decoding=\"async\" src=\"https:\/\/lespeinturesdelali.fr\/wp-content\/uploads\/elementor\/thumbs\/La-casa-qxovxaw3y5nqix7cy9vnpfe3eodmimfqdh6o4qn02w.jpeg\" alt=\"La casa\" class=\"wpr-anim-timing-ease-default\"><\/div><div class=\"wpr-grid-media-hover wpr-animation-wrap\"><div class=\"wpr-grid-media-hover-bg  wpr-overlay-fade-in wpr-anim-size-large wpr-anim-timing-ease-default wpr-anim-transparency\" data-url=\"https:\/\/lespeinturesdelali.fr\/en\/product\/la-casa\/\"><\/div><\/div><\/div><div class=\"wpr-grid-item-below-content elementor-clearfix\"><div class=\"wpr-grid-item-price elementor-repeater-item-907abe3 wpr-grid-item-display-inline wpr-grid-item-align-left\"><div class=\"inner-block\"><span><span class=\"woocommerce-Price-amount amount\"><span class=\"woocommerce-Price-currencySymbol\">&euro;<\/span>70.00<\/span><\/span><\/div><\/div><div class=\"wpr-grid-item-add-to-cart elementor-repeater-item-9ab1d53 wpr-grid-item-display-inline wpr-grid-item-align-right\"><div class=\"inner-block\"><a rel=\"nofollow\" class=\"product_type_simple add_to_cart_button ajax_add_to_cart wpr-button-effect wpr-button-none\" aria-label=\"Add to cart: \u201cLa casa\u201d\" data-product_id=\"5355\" data-product_sku=\"TC-FA-02\" data-atc-popup=\"\" data-atc-animation=\"\" data-atc-fade-out-in=\"\" data-atc-animation-time=\"\" href=\"https:\/\/lespeinturesdelali.fr\/en\/product\/la-casa\/\/?add-to-cart=5355\" data-no-translation-aria-label=\"\"><span>Add to Cart<span class=\"wpr-grid-extra-icon-right\"><svg aria-hidden=\"true\" class=\"e-font-icon-svg e-fas-shopping-cart\" viewbox=\"0 0 576 512\" xmlns=\"http:\/\/www.w3.org\/2000\/svg\"><path d=\"M528.12 301.319l47.273-208C578.806 78.301 567.391 64 551.99 64H159.208l-9.166-44.81C147.758 8.021 137.93 0 126.529 0H24C10.745 0 0 10.745 0 24v16c0 13.255 10.745 24 24 24h69.883l70.248 343.435C147.325 417.1 136 435.222 136 456c0 30.928 25.072 56 56 56s56-25.072 56-56c0-15.674-6.447-29.835-16.824-40h209.647C430.447 426.165 424 440.326 424 456c0 30.928 25.072 56 56 56s56-25.072 56-56c0-22.172-12.888-41.332-31.579-50.405l5.517-24.276c3.413-15.018-8.002-29.319-23.403-29.319H218.117l-6.545-32h293.145c11.206 0 20.92-7.754 23.403-18.681z\"><\/path><\/svg><\/span><\/span><\/a><\/div><\/div><div class=\"wpr-grid-item-product_cat elementor-repeater-item-9c632b3 wpr-grid-item-display-custom wpr-grid-item-align-left wpr-pointer-none wpr-pointer-line-fx wpr-pointer-fx-fade wpr-grid-product-categories\"><div class=\"inner-block\"><a  href=\"https:\/\/lespeinturesdelali.fr\/en\/product-category\/art-figuratif\/\">Art Figuratif<\/a><\/div><\/div><\/div><\/div><\/article><article class=\"wpr-grid-item elementor-clearfix post-5350 product type-product status-publish has-post-thumbnail product_cat-art-figuratif product_tag-art product_tag-dans-mes-pensees product_tag-figurative-art product_shipping_class-small last instock shipping-taxable purchasable product-type-simple\"><div class=\"wpr-grid-item-inner\"><div class=\"wpr-grid-item-above-content elementor-clearfix\"><h2 class=\"wpr-grid-item-title elementor-repeater-item-1be3687 wpr-grid-item-display-inline wpr-grid-item-align-left wpr-pointer-none wpr-pointer-line-fx wpr-pointer-fx-fade\"><div class=\"inner-block\"><a target=\"_self\"   href=\"https:\/\/lespeinturesdelali.fr\/en\/product\/dans-mes-pensees\/\">In my thoughts<\/a><\/div><\/h2><div class=\"wpr-grid-item-status elementor-repeater-item-bb57ee8 wpr-grid-item-display-inline wpr-grid-item-align-right\"><div class=\"inner-block\"><\/div><\/div><\/div><div class=\"wpr-grid-media-wrap wpr-effect-size-medium\" data-overlay-link=\"yes\"><div class=\"wpr-grid-image-wrap\" data-src=\"https:\/\/lespeinturesdelali.fr\/wp-content\/uploads\/elementor\/thumbs\/Dans-mes-pensees-qxovk55g9nn7zgbhsl3osqxs0h8mr670kcdy9a5f6w.jpeg\"  data-img-on-hover=\"\" data-src-secondary=\"\"><img decoding=\"async\" src=\"https:\/\/lespeinturesdelali.fr\/wp-content\/uploads\/elementor\/thumbs\/Dans-mes-pensees-qxovk55g9nn7zgbhsl3osqxs0h8mr670kcdy9a5f6w.jpeg\" alt=\"Dans mes pens\u00e9es\" class=\"wpr-anim-timing-ease-default\"><\/div><div class=\"wpr-grid-media-hover wpr-animation-wrap\"><div class=\"wpr-grid-media-hover-bg  wpr-overlay-fade-in wpr-anim-size-large wpr-anim-timing-ease-default wpr-anim-transparency\" data-url=\"https:\/\/lespeinturesdelali.fr\/en\/product\/dans-mes-pensees\/\"><\/div><\/div><\/div><div class=\"wpr-grid-item-below-content elementor-clearfix\"><div class=\"wpr-grid-item-price elementor-repeater-item-907abe3 wpr-grid-item-display-inline wpr-grid-item-align-left\"><div class=\"inner-block\"><span><span class=\"woocommerce-Price-amount amount\"><span class=\"woocommerce-Price-currencySymbol\">&euro;<\/span>80.00<\/span><\/span><\/div><\/div><div class=\"wpr-grid-item-add-to-cart elementor-repeater-item-9ab1d53 wpr-grid-item-display-inline wpr-grid-item-align-right\"><div class=\"inner-block\"><a rel=\"nofollow\" class=\"product_type_simple add_to_cart_button ajax_add_to_cart wpr-button-effect wpr-button-none\" aria-label=\"Add to cart: \u201cDans mes pens\u00e9es\u201d\" data-product_id=\"5350\" data-product_sku=\"IMT-FA-01\" data-atc-popup=\"\" data-atc-animation=\"\" data-atc-fade-out-in=\"\" data-atc-animation-time=\"\" href=\"https:\/\/lespeinturesdelali.fr\/en\/product\/dans-mes-pensees\/\/?add-to-cart=5350\" data-no-translation-aria-label=\"\"><span>Add to Cart<span class=\"wpr-grid-extra-icon-right\"><svg aria-hidden=\"true\" class=\"e-font-icon-svg e-fas-shopping-cart\" viewbox=\"0 0 576 512\" xmlns=\"http:\/\/www.w3.org\/2000\/svg\"><path d=\"M528.12 301.319l47.273-208C578.806 78.301 567.391 64 551.99 64H159.208l-9.166-44.81C147.758 8.021 137.93 0 126.529 0H24C10.745 0 0 10.745 0 24v16c0 13.255 10.745 24 24 24h69.883l70.248 343.435C147.325 417.1 136 435.222 136 456c0 30.928 25.072 56 56 56s56-25.072 56-56c0-15.674-6.447-29.835-16.824-40h209.647C430.447 426.165 424 440.326 424 456c0 30.928 25.072 56 56 56s56-25.072 56-56c0-22.172-12.888-41.332-31.579-50.405l5.517-24.276c3.413-15.018-8.002-29.319-23.403-29.319H218.117l-6.545-32h293.145c11.206 0 20.92-7.754 23.403-18.681z\"><\/path><\/svg><\/span><\/span><\/a><\/div><\/div><div class=\"wpr-grid-item-product_cat elementor-repeater-item-9c632b3 wpr-grid-item-display-custom wpr-grid-item-align-left wpr-pointer-none wpr-pointer-line-fx wpr-pointer-fx-fade wpr-grid-product-categories\"><div class=\"inner-block\"><a  href=\"https:\/\/lespeinturesdelali.fr\/en\/product-category\/art-figuratif\/\">Art Figuratif<\/a><\/div><\/div><\/div><\/div><\/article><\/section>\t\t<\/div>\n\t\t\t\t<\/div>\n\t\t\t\t\t<\/div>\n\t\t<\/div>\n\t\t\t\t\t<\/div>\n\t\t<\/section>\n\t\t\t\t<\/div>","protected":false},"excerpt":{"rendered":"<p>Bienvenue sur les Peintures de Lali Dans l\u2019art il n\u2019y a aucune limite En savoir plus Qui suis-je ? Magalie \u00ab\u00a0L\u2019art.\u2026 pourquoi ? D\u00e8s mon plus jeune \u00e2ge, grande r\u00eaveuse, j\u2019ai toujours \u00e9t\u00e9 \u00e9merveill\u00e9e par les couleurs, les reliefs que nous offre la nature. Peindre me permet d\u2019ext\u00e9rioriser et mat\u00e9rialiser mon envie profonde de cr\u00e9er, de laisser une trace dans ce monde : un vrai sentiment de LIBERTE. Les peintures de Lali, c\u2019est un univers o\u00f9 je mets sur toile mes \u00e9motions, mon ressenti. C\u2019est un m\u00e9lange de textures, de mati\u00e8res, une explosion de couleurs, \u00e0 l\u2019acrylique principalement, le tout inspir\u00e9 par ce qui m\u2019entoure mais \u00e9galement par mes origines. Bienvenue dans mon jardin \u00ab secret \u00bb ; je vous souhaite un agr\u00e9able voyage. \u2764\ufe0f\u00a0\u00bb Discutons de votre projet ! LES CR\u00c9ATIONS Toutes les \u0153uvres Art abstrait Art Figuratif Art Ha\u00eftien Sensibilit\u00e9 &euro;70.00Add to CartArt Figuratif La casa &euro;70.00Add to CartArt Figuratif Dans mes pens\u00e9es &euro;80.00Add to CartArt Figuratif<\/p>","protected":false},"author":1,"featured_media":0,"parent":0,"menu_order":0,"comment_status":"closed","ping_status":"closed","template":"elementor_header_footer","meta":{"footnotes":""},"class_list":["post-2232","page","type-page","status-publish","hentry"],"_links":{"self":[{"href":"https:\/\/lespeinturesdelali.fr\/en\/wp-json\/wp\/v2\/pages\/2232","targetHints":{"allow":["GET"]}}],"collection":[{"href":"https:\/\/lespeinturesdelali.fr\/en\/wp-json\/wp\/v2\/pages"}],"about":[{"href":"https:\/\/lespeinturesdelali.fr\/en\/wp-json\/wp\/v2\/types\/page"}],"author":[{"embeddable":true,"href":"https:\/\/lespeinturesdelali.fr\/en\/wp-json\/wp\/v2\/users\/1"}],"replies":[{"embeddable":true,"href":"https:\/\/lespeinturesdelali.fr\/en\/wp-json\/wp\/v2\/comments?post=2232"}],"version-history":[{"count":75,"href":"https:\/\/lespeinturesdelali.fr\/en\/wp-json\/wp\/v2\/pages\/2232\/revisions"}],"predecessor-version":[{"id":5582,"href":"https:\/\/lespeinturesdelali.fr\/en\/wp-json\/wp\/v2\/pages\/2232\/revisions\/5582"}],"wp:attachment":[{"href":"https:\/\/lespeinturesdelali.fr\/en\/wp-json\/wp\/v2\/media?parent=2232"}],"curies":[{"name":"wp","href":"https:\/\/api.w.org\/{rel}","templated":true}]}}